{"id":5088,"date":"2024-02-06T16:43:32","date_gmt":"2024-02-06T14:43:32","guid":{"rendered":"https:\/\/aeksis-visuals.de\/?page_id=5088"},"modified":"2024-02-06T16:43:32","modified_gmt":"2024-02-06T14:43:32","slug":"ai-content-creation","status":"publish","type":"page","link":"https:\/\/aeksis-visuals.de\/index.php\/ai-content-creation\/","title":{"rendered":"AI Content Creation"},"content":{"rendered":"<p>[vc_row row_background_lines=&#8220;no&#8220;][vc_column]\n\t\t\t<!-- START Header_AI_Content REVOLUTION SLIDER 6.5.14 --><p class=\"rs-p-wp-fix\"><\/p>\n\t\t\t<rs-module-wrap id=\"rev_slider_22_1_wrapper\" data-source=\"gallery\" style=\"visibility:hidden;background:transparent;padding:0;margin:0px auto;margin-top:0;margin-bottom:0;\">\n\t\t\t\t<rs-module id=\"rev_slider_22_1\" style=\"\" data-version=\"6.5.14\">\n\t\t\t\t\t<rs-slides>\n\t\t\t\t\t\t<rs-slide style=\"position: absolute;\" data-key=\"rs-42\" data-title=\"Slide\" data-anim=\"ms:50;\" data-in=\"o:0;\" data-out=\"a:false;\">\n\t\t\t\t\t\t\t<img loading=\"lazy\" decoding=\"async\" src=\"\/\/aeksis-visuals.de\/wp-content\/plugins\/revslider\/public\/assets\/assets\/dummy.png\" alt=\"\" title=\"AI_Headerbild_High_Res2\" width=\"3360\" height=\"1440\" class=\"rev-slidebg tp-rs-img rs-lazyload\" data-lazyload=\"\/\/aeksis-visuals.de\/wp-content\/uploads\/2024\/02\/AI_Headerbild_High_Res2.png\" data-no-retina>\n<!--\n\t\t\t\t\t\t\t--><rs-layer\n\t\t\t\t\t\t\t\tid=\"slider-22-slide-42-layer-1\" \n\t\t\t\t\t\t\t\tdata-type=\"text\"\n\t\t\t\t\t\t\t\tdata-rsp_ch=\"on\"\n\t\t\t\t\t\t\t\tdata-xy=\"xo:507px,323px,205px,221px;yo:77px,49px,31px,33px;\"\n\t\t\t\t\t\t\t\tdata-text=\"w:normal;s:50,31,19,20;l:50,31,19,20;fw:100;\"\n\t\t\t\t\t\t\t\tdata-dim=\"h:118px,75px,47px,50px;\"\n\t\t\t\t\t\t\t\tdata-frame_999=\"o:0;st:w;\"\n\t\t\t\t\t\t\t\tstyle=\"z-index:11;font-family:'Roboto';\"\n\t\t\t\t\t\t\t>CONTENT<br \/>\nCREATION \n\t\t\t\t\t\t\t<\/rs-layer><!--\n\n\t\t\t\t\t\t\t--><rs-layer\n\t\t\t\t\t\t\t\tid=\"slider-22-slide-42-layer-2\" \n\t\t\t\t\t\t\t\tdata-type=\"image\"\n\t\t\t\t\t\t\t\tdata-rsp_ch=\"on\"\n\t\t\t\t\t\t\t\tdata-xy=\"x:c;xo:-755px,-481px,-305px,-329px;y:m;yo:-287px,-182px,-115px,-124px;\"\n\t\t\t\t\t\t\t\tdata-text=\"w:normal;s:20,12,7,7;l:0,15,9,9;\"\n\t\t\t\t\t\t\t\tdata-dim=\"w:286px,182px,115px,124px;h:137px,87px,55px,59px;\"\n\t\t\t\t\t\t\t\tdata-frame_999=\"o:0;st:w;\"\n\t\t\t\t\t\t\t\tstyle=\"z-index:10;\"\n\t\t\t\t\t\t\t><img loading=\"lazy\" decoding=\"async\" src=\"\/\/aeksis-visuals.de\/wp-content\/plugins\/revslider\/public\/assets\/assets\/dummy.png\" alt=\"\" class=\"tp-rs-img rs-lazyload\" width=\"1293\" height=\"619\" data-lazyload=\"\/\/aeksis-visuals.de\/wp-content\/uploads\/2023\/10\/1-aeksis_logo_shirts.png\" data-no-retina> \n\t\t\t\t\t\t\t<\/rs-layer><!--\n\n\t\t\t\t\t\t\t--><rs-layer\n\t\t\t\t\t\t\t\tid=\"slider-22-slide-42-layer-3\" \n\t\t\t\t\t\t\t\tdata-type=\"text\"\n\t\t\t\t\t\t\t\tdata-rsp_ch=\"on\"\n\t\t\t\t\t\t\t\tdata-xy=\"x:c;xo:-521px,-332px,-211px,-227px;yo:109px,69px,43px,46px;\"\n\t\t\t\t\t\t\t\tdata-text=\"w:normal;s:124,79,50,53;l:31,19,12,12;fw:700;\"\n\t\t\t\t\t\t\t\tdata-frame_999=\"o:0;st:w;\"\n\t\t\t\t\t\t\t\tstyle=\"z-index:11;font-family:'Roboto';\"\n\t\t\t\t\t\t\t>AI \n\t\t\t\t\t\t\t<\/rs-layer><!--\n\n\t\t\t\t\t\t\t--><rs-layer\n\t\t\t\t\t\t\t\tid=\"slider-22-slide-42-layer-4\" \n\t\t\t\t\t\t\t\tdata-type=\"text\"\n\t\t\t\t\t\t\t\tdata-rsp_ch=\"on\"\n\t\t\t\t\t\t\t\tdata-xy=\"xo:69px,43px,27px,29px;yo:771px,491px,312px,336px;\"\n\t\t\t\t\t\t\t\tdata-text=\"w:normal;s:15,9,5,5;l:50,31,19,20;fw:100;\"\n\t\t\t\t\t\t\t\tdata-dim=\"h:118px,75px,47px,50px;\"\n\t\t\t\t\t\t\t\tdata-frame_999=\"o:0;st:w;\"\n\t\t\t\t\t\t\t\tstyle=\"z-index:11;font-family:'Roboto';\"\n\t\t\t\t\t\t\t>*AI-Generated \n\t\t\t\t\t\t\t<\/rs-layer><!--\n-->\t\t\t\t\t\t<\/rs-slide>\n\t\t\t\t\t<\/rs-slides>\n\t\t\t\t<\/rs-module>\n\t\t\t\t<script>\n\t\t\t\t\tsetREVStartSize({c: 'rev_slider_22_1',rl:[1240,1024,778,480],el:[817,436,277,330],gw:[1920,1224,778,840],gh:[817,436,277,330],type:'hero',justify:'',layout:'fullwidth',mh:\"0\"});if (window.RS_MODULES!==undefined && window.RS_MODULES.modules!==undefined && window.RS_MODULES.modules[\"revslider221\"]!==undefined) {window.RS_MODULES.modules[\"revslider221\"].once = false;window.revapi22 = undefined;if (window.RS_MODULES.checkMinimal!==undefined) window.RS_MODULES.checkMinimal()}\n\t\t\t\t<\/script>\n\t\t\t<\/rs-module-wrap>\n\t\t\t<!-- END REVOLUTION SLIDER -->\n[\/vc_column][\/vc_row][vc_row equal_height=&#8220;yes&#8220; row_background_lines=&#8220;no&#8220;][vc_column]<div class=\"mkdf-elements-holder  mkdf-eh-full-height mkdf-two-columns  mkdf-responsive-mode-1024  mkdf-eh-uncovering-effect mkdf-eh-uncovering-image-left\" ><div class=\"mkdf-eh-item    \"  data-item-class=\"mkdf-eh-custom-7880\" data-1367-1600=\"152px 20% 165px 9%\" data-1025-1366=\"152px 15% 165px 10%\" data-769-1024=\"152px 35% 165px 12%\" data-681-768=\"152px 26% 165px 10.5%\" data-680=\"152px 15px 165px\">\n\t<div class=\"mkdf-eh-item-inner\">\n\t\t<div class=\"mkdf-eh-item-content mkdf-eh-custom-7880\" style=\"padding: 152px 31% 165px 20%\">\n\t\t\t<div class=\"mkdf-section-title-holder  mkdf-st-standard mkdf-st-title-left  \" >\n\t<div class=\"mkdf-st-inner\">\n\t\t\t\t\t<h3 class=\"mkdf-st-title\" >\n\t\t\t\tAI-PHOTOGRAPHY\t\t\t<\/h3>\n\t\t\t\t\t<\/div>\n<\/div>[vc_empty_space height=&#8220;16px&#8220;][vc_column_text]Ist AI die Zukunft der Fotografie? Der Impact generativer Bilderstellung in den n\u00e4chsten Jahren massiv sein. Gerade weil durch diese Technologie Grenzen gesprengt werden k\u00f6nnen. Motive die fr\u00fcher mit enormen Aufwand verbunden waren sind nun mit erheblich leichteren Mitteln umsetzbar. Hier ein paar Beispiele. Alle Motive wurden mit generativer KI erstellt. Ebenso wie die fiktiven Firmennamen, Slogans oder Logos.[\/vc_column_text][vc_empty_space height=&#8220;16px&#8220;]<a itemprop=\"url\" href=\"https:\/\/aeksis-visuals.de\/?page_id=5151&#038;preview=true\" target=\"_self\"  class=\"mkdf-btn mkdf-btn-medium mkdf-btn-solid\"  >\n    <span class=\"mkdf-btn-text\">SHOW ME AI-PICS<\/span>\n    <\/a>\t\t<\/div>\n\t<\/div>\n<\/div><div class=\"mkdf-eh-item    \" style=\"background-image: url(https:\/\/aeksis-visuals.de\/wp-content\/uploads\/2024\/02\/ai_photography.png)\" data-item-class=\"mkdf-eh-custom-1740\" data-769-1024=\"325px 0\" data-681-768=\"325px 0\" data-680=\"200px 0\">\n\t<div class=\"mkdf-eh-item-inner\">\n\t\t<div class=\"mkdf-eh-item-content mkdf-eh-custom-1740\" >\n\t\t\t\t\t<\/div>\n\t<\/div>\n<\/div><\/div>[\/vc_column][\/vc_row][vc_row equal_height=&#8220;yes&#8220; row_background_lines=&#8220;no&#8220;][vc_column]<div class=\"mkdf-elements-holder  mkdf-eh-full-height mkdf-two-columns  mkdf-responsive-mode-1024  mkdf-eh-uncovering-effect mkdf-eh-uncovering-image-left\" ><div class=\"mkdf-eh-item    \" style=\"background-image: url(https:\/\/aeksis-visuals.de\/wp-content\/uploads\/2024\/02\/Waveform.jpg)\" data-item-class=\"mkdf-eh-custom-3983\" data-769-1024=\"325px 0\" data-681-768=\"325px 0\" data-680=\"200px 0\">\n\t<div class=\"mkdf-eh-item-inner\">\n\t\t<div class=\"mkdf-eh-item-content mkdf-eh-custom-3983\" >\n\t\t\t\t\t<\/div>\n\t<\/div>\n<\/div><div class=\"mkdf-eh-item    \"  data-item-class=\"mkdf-eh-custom-4454\" data-1367-1600=\"152px 20% 165px 9%\" data-1025-1366=\"152px 15% 165px 10%\" data-769-1024=\"152px 35% 165px 12%\" data-681-768=\"152px 26% 165px 10.5%\" data-680=\"152px 15px 165px\">\n\t<div class=\"mkdf-eh-item-inner\">\n\t\t<div class=\"mkdf-eh-item-content mkdf-eh-custom-4454\" style=\"padding: 152px 31% 165px 20%\">\n\t\t\t<div class=\"mkdf-section-title-holder  mkdf-st-standard mkdf-st-title-left  \" >\n\t<div class=\"mkdf-st-inner\">\n\t\t\t\t\t<h3 class=\"mkdf-st-title\" >\n\t\t\t\tAI-AUDIO\t\t\t<\/h3>\n\t\t\t\t\t<\/div>\n<\/div>[vc_empty_space height=&#8220;16px&#8220;][vc_column_text]Auch im Audiobereich nehmen die KI-Anwendungen immer mehr zu. Man kann sogar sagen, dass sie in einigen Feldern geradezu disruptiv sein werden. Stimmen klonen, bereits vorgefertigte Stimm-Modelle zur Auswahl f\u00fcr Ihre Projekte zur Musikproduktion.\u00a0M\u00f6glichkeiten en masse.[\/vc_column_text]\t\t<\/div>\n\t<\/div>\n<\/div><\/div>[\/vc_column][\/vc_row][vc_row equal_height=&#8220;yes&#8220; row_background_lines=&#8220;no&#8220;][vc_column]<div class=\"mkdf-elements-holder  mkdf-eh-full-height mkdf-two-columns  mkdf-responsive-mode-1024  mkdf-eh-uncovering-effect mkdf-eh-uncovering-image-left\" ><div class=\"mkdf-eh-item    \"  data-item-class=\"mkdf-eh-custom-2779\" data-1367-1600=\"152px 20% 165px 9%\" data-1025-1366=\"152px 15% 165px 10%\" data-769-1024=\"152px 35% 165px 12%\" data-681-768=\"152px 26% 165px 10.5%\" data-680=\"152px 15px 165px\">\n\t<div class=\"mkdf-eh-item-inner\">\n\t\t<div class=\"mkdf-eh-item-content mkdf-eh-custom-2779\" style=\"padding: 152px 31% 165px 20%\">\n\t\t\t<div class=\"mkdf-section-title-holder  mkdf-st-standard mkdf-st-title-left  \" >\n\t<div class=\"mkdf-st-inner\">\n\t\t\t\t\t<h3 class=\"mkdf-st-title\" >\n\t\t\t\tAI-LANGUAGE\t\t\t<\/h3>\n\t\t\t\t\t<\/div>\n<\/div>[vc_empty_space height=&#8220;16px&#8220;][vc_column_text]Mal angenommen Sie haben ein Explainer-Video produziert und der Moderator spricht deutsch. Mit AI-Anwendungen ist es mittlerweile m\u00f6glich dieses Video Lippensynchron in diverse Sprachen zu konvertieren. Selbst wenn der Moderator diese Sprachen eigentlich nicht spricht.[\/vc_column_text]\t\t<\/div>\n\t<\/div>\n<\/div><div class=\"mkdf-eh-item    \" style=\"background-image: url(https:\/\/aeksis-visuals.de\/wp-content\/uploads\/2024\/02\/voice.png)\" data-item-class=\"mkdf-eh-custom-4688\" data-769-1024=\"325px 0\" data-681-768=\"325px 0\" data-680=\"200px 0\">\n\t<div class=\"mkdf-eh-item-inner\">\n\t\t<div class=\"mkdf-eh-item-content mkdf-eh-custom-4688\" >\n\t\t\t\t\t<\/div>\n\t<\/div>\n<\/div><\/div>[\/vc_column][\/vc_row][vc_row equal_height=&#8220;yes&#8220; row_background_lines=&#8220;no&#8220;][vc_column]<div class=\"mkdf-elements-holder  mkdf-eh-full-height mkdf-two-columns  mkdf-responsive-mode-1024  mkdf-eh-uncovering-effect mkdf-eh-uncovering-image-left\" ><div class=\"mkdf-eh-item    \" style=\"background-image: url(https:\/\/aeksis-visuals.de\/wp-content\/uploads\/2024\/02\/robotic_hand-1.png)\" data-item-class=\"mkdf-eh-custom-7301\" data-769-1024=\"325px 0\" data-681-768=\"325px 0\" data-680=\"200px 0\">\n\t<div class=\"mkdf-eh-item-inner\">\n\t\t<div class=\"mkdf-eh-item-content mkdf-eh-custom-7301\" >\n\t\t\t\t\t<\/div>\n\t<\/div>\n<\/div><div class=\"mkdf-eh-item    \"  data-item-class=\"mkdf-eh-custom-4910\" data-1367-1600=\"152px 20% 165px 9%\" data-1025-1366=\"152px 15% 165px 10%\" data-769-1024=\"152px 35% 165px 12%\" data-681-768=\"152px 26% 165px 10.5%\" data-680=\"152px 15px 165px\">\n\t<div class=\"mkdf-eh-item-inner\">\n\t\t<div class=\"mkdf-eh-item-content mkdf-eh-custom-4910\" style=\"padding: 152px 31% 165px 20%\">\n\t\t\t<div class=\"mkdf-section-title-holder  mkdf-st-standard mkdf-st-title-left  \" >\n\t<div class=\"mkdf-st-inner\">\n\t\t\t\t\t<h3 class=\"mkdf-st-title\" >\n\t\t\t\tAI-TOOLS\t\t\t<\/h3>\n\t\t\t\t\t<\/div>\n<\/div>[vc_empty_space height=&#8220;16px&#8220;][vc_column_text]Nutzen auch sie unsere AI-Angebote. Auf dieser Seite alle AI-Anwendungen im Film-\/Video- und Fotografiebusiness darzustellen ist durch den rapide wachsenden Markt und die Vielzahl der AI-Tools in diesem Bereich schlicht nicht m\u00f6glich. Daher wenden Sie sich gerne mit Ihrer Anfrage an uns.[\/vc_column_text][vc_empty_space]<a itemprop=\"url\" href=\"https:\/\/aeksis-visuals.de\/index.php\/contact-us\/\" target=\"_self\"  class=\"mkdf-btn mkdf-btn-medium mkdf-btn-outline\"  >\n    <span class=\"mkdf-btn-text\">KONTAKT<\/span>\n    <\/a>\t\t<\/div>\n\t<\/div>\n<\/div><\/div>[\/vc_column][\/vc_row][vc_row row_background_lines=&#8220;no&#8220;][vc_column]\n\t\t\t<!-- START Header_AI_Content_Back REVOLUTION SLIDER 6.5.14 --><p class=\"rs-p-wp-fix\"><\/p>\n\t\t\t<rs-module-wrap id=\"rev_slider_23_2_wrapper\" data-source=\"gallery\" style=\"visibility:hidden;background:transparent;padding:0;margin:0px auto;margin-top:0;margin-bottom:0;\">\n\t\t\t\t<rs-module id=\"rev_slider_23_2\" style=\"\" data-version=\"6.5.14\">\n\t\t\t\t\t<rs-slides>\n\t\t\t\t\t\t<rs-slide style=\"position: absolute;\" data-key=\"rs-44\" data-title=\"Slide\" data-anim=\"ms:50;\" data-in=\"o:0;\" data-out=\"a:false;\">\n\t\t\t\t\t\t\t<img loading=\"lazy\" decoding=\"async\" src=\"\/\/aeksis-visuals.de\/wp-content\/plugins\/revslider\/public\/assets\/assets\/dummy.png\" alt=\"\" title=\"ai_content_creation Kopie\" width=\"3360\" height=\"1440\" class=\"rev-slidebg tp-rs-img rs-lazyload\" data-lazyload=\"\/\/aeksis-visuals.de\/wp-content\/uploads\/2024\/02\/ai_content_creation-Kopie.png\" data-no-retina>\n<!--\n\t\t\t\t\t\t\t--><a\n\t\t\t\t\t\t\t\tid=\"slider-23-slide-44-layer-0\" \n\t\t\t\t\t\t\t\tclass=\"rs-layer rev-btn\"\n\t\t\t\t\t\t\t\thref=\"https:\/\/aeksis-visuals.de\" target=\"_self\"\n\t\t\t\t\t\t\t\tdata-type=\"button\"\n\t\t\t\t\t\t\t\tdata-rsp_ch=\"on\"\n\t\t\t\t\t\t\t\tdata-xy=\"xo:1445px,921px,585px,631px;yo:552px,351px,223px,240px;\"\n\t\t\t\t\t\t\t\tdata-text=\"w:normal;s:28,17,10,10;l:65,41,26,28;fw:300;\"\n\t\t\t\t\t\t\t\tdata-dim=\"minh:0,none,none,none;\"\n\t\t\t\t\t\t\t\tdata-padding=\"r:41,26,17,18;l:41,26,17,18;\"\n\t\t\t\t\t\t\t\tdata-border=\"bos:solid;boc:rgba(255,255,255,0.35);bow:1px,1px,1px,1px;\"\n\t\t\t\t\t\t\t\tdata-frame_999=\"o:0;st:w;\"\n\t\t\t\t\t\t\t\tdata-frame_hover=\"bgc:rgba(0,0,0,0);boc:rgba(255,255,255,0.75);bor:0px,0px,0px,0px;bos:solid;bow:1px,1px,1px,1px;e:power1.inOut;\"\n\t\t\t\t\t\t\t\tstyle=\"z-index:12;background-color:rgba(0,0,0,0);font-family:'Roboto';\"\n\t\t\t\t\t\t\t>Zur\u00fcck zur Hauptseite \n\t\t\t\t\t\t\t<\/a><!--\n\n\t\t\t\t\t\t\t--><rs-layer\n\t\t\t\t\t\t\t\tid=\"slider-23-slide-44-layer-4\" \n\t\t\t\t\t\t\t\tdata-type=\"text\"\n\t\t\t\t\t\t\t\tdata-rsp_ch=\"on\"\n\t\t\t\t\t\t\t\tdata-xy=\"xo:69px,43px,27px,29px;yo:771px,491px,312px,336px;\"\n\t\t\t\t\t\t\t\tdata-text=\"w:normal;s:15,9,5,5;l:50,31,19,20;fw:100;\"\n\t\t\t\t\t\t\t\tdata-dim=\"h:118px,75px,47px,50px;\"\n\t\t\t\t\t\t\t\tdata-frame_999=\"o:0;st:w;\"\n\t\t\t\t\t\t\t\tstyle=\"z-index:11;font-family:'Roboto';\"\n\t\t\t\t\t\t\t>*AI-Generated \n\t\t\t\t\t\t\t<\/rs-layer><!--\n-->\t\t\t\t\t\t<\/rs-slide>\n\t\t\t\t\t<\/rs-slides>\n\t\t\t\t<\/rs-module>\n\t\t\t\t<script>\n\t\t\t\t\tsetREVStartSize({c: 'rev_slider_23_2',rl:[1240,1024,778,480],el:[817,436,277,330],gw:[1920,1224,778,840],gh:[817,436,277,330],type:'hero',justify:'',layout:'fullwidth',mh:\"0\"});if (window.RS_MODULES!==undefined && window.RS_MODULES.modules!==undefined && window.RS_MODULES.modules[\"revslider232\"]!==undefined) {window.RS_MODULES.modules[\"revslider232\"].once = false;window.revapi23 = undefined;if (window.RS_MODULES.checkMinimal!==undefined) window.RS_MODULES.checkMinimal()}\n\t\t\t\t<\/script>\n\t\t\t<\/rs-module-wrap>\n\t\t\t<!-- END REVOLUTION SLIDER -->\n[\/vc_column][\/vc_row]<\/p>\n","protected":false},"excerpt":{"rendered":"<p>[vc_row row_background_lines=&#8220;no&#8220;][vc_column][\/vc_column][\/vc_row][vc_row equal_height=&#8220;yes&#8220; row_background_lines=&#8220;no&#8220;][vc_column][\/vc_column][\/vc_row][vc_row equal_height=&#8220;yes&#8220; row_background_lines=&#8220;no&#8220;][vc_column][\/vc_column][\/vc_row][vc_row equal_height=&#8220;yes&#8220; row_background_lines=&#8220;no&#8220;][vc_column][\/vc_column][\/vc_row][vc_row equal_height=&#8220;yes&#8220; row_background_lines=&#8220;no&#8220;][vc_column][\/vc_column][\/vc_row][vc_row row_background_lines=&#8220;no&#8220;][vc_column][\/vc_column][\/vc_row]<\/p>\n","protected":false},"author":2,"featured_media":0,"parent":0,"menu_order":0,"comment_status":"closed","ping_status":"closed","template":"full-width.php","meta":{"footnotes":""},"class_list":["post-5088","page","type-page","status-publish","hentry"],"_links":{"self":[{"href":"https:\/\/aeksis-visuals.de\/index.php\/wp-json\/wp\/v2\/pages\/5088","targetHints":{"allow":["GET"]}}],"collection":[{"href":"https:\/\/aeksis-visuals.de\/index.php\/wp-json\/wp\/v2\/pages"}],"about":[{"href":"https:\/\/aeksis-visuals.de\/index.php\/wp-json\/wp\/v2\/types\/page"}],"author":[{"embeddable":true,"href":"https:\/\/aeksis-visuals.de\/index.php\/wp-json\/wp\/v2\/users\/2"}],"replies":[{"embeddable":true,"href":"https:\/\/aeksis-visuals.de\/index.php\/wp-json\/wp\/v2\/comments?post=5088"}],"version-history":[{"count":78,"href":"https:\/\/aeksis-visuals.de\/index.php\/wp-json\/wp\/v2\/pages\/5088\/revisions"}],"predecessor-version":[{"id":5186,"href":"https:\/\/aeksis-visuals.de\/index.php\/wp-json\/wp\/v2\/pages\/5088\/revisions\/5186"}],"wp:attachment":[{"href":"https:\/\/aeksis-visuals.de\/index.php\/wp-json\/wp\/v2\/media?parent=5088"}],"curies":[{"name":"wp","href":"https:\/\/api.w.org\/{rel}","templated":true}]}}